{"id":8,"date":"2024-10-26T18:39:08","date_gmt":"2024-10-26T18:39:08","guid":{"rendered":"https:\/\/test.molarfresh.hu\/index.php\/kosar\/"},"modified":"2024-11-03T21:18:28","modified_gmt":"2024-11-03T21:18:28","slug":"minosegfentarthatosag","status":"publish","type":"page","link":"https:\/\/test.molarfresh.hu\/index.php\/minosegfentarthatosag\/","title":{"rendered":"Min\u0151s\u00e9g \u00e9s Fenntarthat\u00f3s\u00e1g"},"content":{"rendered":"<p>Mott\u00f3: \u201eJ\u00f3t \u00e9s j\u00f3l!\u201d<\/p>\n<p>T\u00e1rsas\u00e1gunk m\u0171k\u00f6d\u00e9s\u00e9nek sarkalatos eleme, hogy kiv\u00e1l\u00f3 min\u0151s\u00e9g\u0171 term\u00e9keinkkel ki\u00e9rdemelj\u00fck partnereink bizalm\u00e1t \u00e9s megbecs\u00fcl\u00e9s\u00e9t. Ennek \u00e9rdek\u00e9ben, folyamatosan azon dolgozunk, hogy fejlessz\u00fck \u00e9s jav\u00edtsuk term\u00e9keinket \u00e9s a g\u00f6rd\u00fcl\u00e9keny egy\u00fcttm\u0171k\u00f6d\u00e9st \u00fczleti partereinkkel. A gy\u00e1rt\u00e1s \u00e9s forgalmaz\u00e1s sor\u00e1n mindv\u00e9gig betartjuk \u00e9s betartatjuk azokat a szigor\u00fa min\u0151s\u00e9gellen\u0151rz\u00e9si el\u0151\u00edr\u00e1sokat, amelyek biztos\u00edtj\u00e1k, hogy term\u00e9keink megfeleljenek a legmagasabb ig\u00e9nyeknek. Ez nem csup\u00e1n a nemzetk\u00f6zi ir\u00e1nyelvek \u00e9s sztenderdek alkalmaz\u00e1s\u00e1t jelenti, hanem olyan speci\u00e1lis bels\u0151 utas\u00edt\u00e1sok betart\u00e1s\u00e1t is, amelyek garant\u00e1lj\u00e1k a kiemelked\u0151 min\u0151s\u00e9get. Sz\u00e1munkra a min\u0151s\u00e9gi term\u00e9kek \u00e9s a min\u0151s\u00e9gi kiszolg\u00e1l\u00e1s mellett ugyanakkor, rendk\u00edv\u00fcl fontos t\u00e9nyez\u0151, bolyg\u00f3nk \u00e9s k\u00f6rnyezet\u00fcnk v\u00e9delme. Tudjuk \u00e9s hissz\u00fck, hogy nagyon sokat tehet\u00fcnk az\u00e9rt, hogy meg\u0151rizz\u00fck a bolyg\u00f3 tisztas\u00e1g\u00e1t. Az emberi tev\u00e9kenys\u00e9g sor\u00e1n, nagyon gyakran hagyt\u00e1k figyelmen k\u00edv\u00fcl a k\u00f6rnyezetre gyakorolt k\u00e1ros hat\u00e1sokat, ez\u00e9rt k\u00fcl\u00f6n\u00f6sen fontos szerepe van a ma \u00e9l\u0151 gener\u00e1ci\u00f3knak abban, hogy az \u00e1rt\u00f3 folyamatokat kik\u00fcsz\u00f6b\u00f6lje, illetve jelent\u0151sen cs\u00f6kkentse. K\u00f6z\u00f6s \u00e9rdek\u00fcnk \u00e9s c\u00e9lunk, hogy a minket k\u00f6vet\u0151 gener\u00e1ci\u00f3k sz\u00e1m\u00e1ra is \u00e9lhet\u0151 eg\u00e9szs\u00e9ges k\u00f6rnyezetet biztos\u00edtsuk. Mindezekhez sokszor csup\u00e1n apr\u00f3 l\u00e9p\u00e9sek kellenek, amelyek els\u0151 hall\u00e1sra nem t\u0171nnek komoly v\u00e1ltoz\u00e1soknak. T\u00e1rsas\u00e1gunkn\u00e1l bevezett\u00fck a pap\u00edrmentes irod\u00e1t \u00e9s kiz\u00e1r\u00f3lag abban az esetben haszn\u00e1lunk pap\u00edrt, ha azt valamilyen jogszab\u00e1ly el\u0151\u00edrja.<\/p>\n<p>\u00dajrahasznos\u00edtott anyagok energiatakar\u00e9kos izz\u00f3k, alkalmaz\u00e1sa szint\u00e9n n\u00e9h\u00e1ny elem azok k\u00f6z\u00fcl, amelyekkel hozz\u00e1j\u00e1rulunk a k\u00f6rnyezettudatos m\u0171k\u00f6d\u00e9shez. Folyamataink fontos r\u00e9sz\u00e9t k\u00e9pezik a k\u00f6rnyezetbar\u00e1t elemek haszn\u00e1lata \u00e9s alkalmaz\u00e1sa. Term\u00e9szetesen tudjuk, hogy term\u00e9keink sz\u00e1ll\u00edt\u00e1sa \u00e9s rakt\u00e1roz\u00e1sa sor\u00e1n sz\u00e1mtalan t\u00e9nyez\u0151 van hat\u00e1ssal a k\u00f6rnyezetre. E miatt kiemelten figyel\u00fcnk arra, hogy a gazdas\u00e1gi szempontok mellett, ne sikkadjanak el a k\u00f6rnyezetet kev\u00e9sb\u00e9 terhel\u0151 megold\u00e1sok alkalmaz\u00e1sa. \u00c1lland\u00f3an vizsg\u00e1ljuk azokat a lehet\u0151s\u00e9geket, amelyekkel cs\u00f6kkenthetj\u00fck \u00f6kol\u00f3giai l\u00e1bnyomunk m\u00e9ret\u00e9t. \u00dagy gondoljuk, hogy ez a fajta \u00fajszer\u0171 gondolkod\u00e1s minden folyamatunkba be\u00e9p\u00fclt, illetve be\u00e9p\u00fcl \u00e9s mindent megtesz\u00fcnk annak \u00e9rdek\u00e9ben, hogy ezt a l\u00e1t\u00e1sm\u00f3dot m\u00e1sok sz\u00e1m\u00e1ra is k\u00e9pviselj\u00fck.<\/p>\n","protected":false},"excerpt":{"rendered":"<p>Mott\u00f3: \u201eJ\u00f3t \u00e9s j\u00f3l!\u201d T\u00e1rsas\u00e1gunk m\u0171k\u00f6d\u00e9s\u00e9nek sarkalatos eleme, hogy kiv\u00e1l\u00f3 min\u0151s\u00e9g\u0171 term\u00e9keinkkel ki\u00e9rdemelj\u00fck partnereink bizalm\u00e1t \u00e9s megbecs\u00fcl\u00e9s\u00e9t. Ennek \u00e9rdek\u00e9ben, folyamatosan azon dolgozunk, hogy fejlessz\u00fck \u00e9s jav\u00edtsuk term\u00e9keinket \u00e9s a g\u00f6rd\u00fcl\u00e9keny egy\u00fcttm\u0171k\u00f6d\u00e9st \u00fczleti partereinkkel. A gy\u00e1rt\u00e1s \u00e9s forgalmaz\u00e1s sor\u00e1n mindv\u00e9gig betartjuk \u00e9s betartatjuk azokat a szigor\u00fa min\u0151s\u00e9gellen\u0151rz\u00e9si el\u0151\u00edr\u00e1sokat, amelyek biztos\u00edtj\u00e1k, hogy term\u00e9keink megfeleljenek a legmagasabb ig\u00e9nyeknek. [&hellip;]<\/p>\n","protected":false},"author":1,"featured_media":0,"parent":0,"menu_order":2,"comment_status":"closed","ping_status":"closed","template":"","meta":{"footnotes":""},"class_list":["post-8","page","type-page","status-publish","hentry"],"yoast_head":"<!-- This site is optimized with the Yoast SEO plugin v23.7 - https:\/\/yoast.com\/wordpress\/plugins\/seo\/ -->\n<title>Min\u0151s\u00e9g \u00e9s Fenntarthat\u00f3s\u00e1g - Molarfresh<\/title>\n<meta name=\"robots\" content=\"index, follow, max-snippet:-1, max-image-preview:large, max-video-preview:-1\" \/>\n<link rel=\"canonical\" href=\"https:\/\/test.molarfresh.hu\/index.php\/minosegfentarthatosag\/\" \/>\n<meta property=\"og:locale\" content=\"hu_HU\" \/>\n<meta property=\"og:type\" content=\"article\" \/>\n<meta property=\"og:title\" content=\"Min\u0151s\u00e9g \u00e9s Fenntarthat\u00f3s\u00e1g - Molarfresh\" \/>\n<meta property=\"og:description\" content=\"Mott\u00f3: \u201eJ\u00f3t \u00e9s j\u00f3l!\u201d T\u00e1rsas\u00e1gunk m\u0171k\u00f6d\u00e9s\u00e9nek sarkalatos eleme, hogy kiv\u00e1l\u00f3 min\u0151s\u00e9g\u0171 term\u00e9keinkkel ki\u00e9rdemelj\u00fck partnereink bizalm\u00e1t \u00e9s megbecs\u00fcl\u00e9s\u00e9t. Ennek \u00e9rdek\u00e9ben, folyamatosan azon dolgozunk, hogy fejlessz\u00fck \u00e9s jav\u00edtsuk term\u00e9keinket \u00e9s a g\u00f6rd\u00fcl\u00e9keny egy\u00fcttm\u0171k\u00f6d\u00e9st \u00fczleti partereinkkel. A gy\u00e1rt\u00e1s \u00e9s forgalmaz\u00e1s sor\u00e1n mindv\u00e9gig betartjuk \u00e9s betartatjuk azokat a szigor\u00fa min\u0151s\u00e9gellen\u0151rz\u00e9si el\u0151\u00edr\u00e1sokat, amelyek biztos\u00edtj\u00e1k, hogy term\u00e9keink megfeleljenek a legmagasabb ig\u00e9nyeknek. [&hellip;]\" \/>\n<meta property=\"og:url\" content=\"https:\/\/test.molarfresh.hu\/index.php\/minosegfentarthatosag\/\" \/>\n<meta property=\"og:site_name\" content=\"Molarfresh\" \/>\n<meta property=\"article:modified_time\" content=\"2024-11-03T21:18:28+00:00\" \/>\n<meta name=\"twitter:card\" content=\"summary_large_image\" \/>\n<meta name=\"twitter:label1\" content=\"Becs\u00fclt olvas\u00e1si id\u0151\" \/>\n\t<meta name=\"twitter:data1\" content=\"2 perc\" \/>\n<script type=\"application\/ld+json\" class=\"yoast-schema-graph\">{\"@context\":\"https:\/\/schema.org\",\"@graph\":[{\"@type\":\"WebPage\",\"@id\":\"https:\/\/test.molarfresh.hu\/index.php\/minosegfentarthatosag\/\",\"url\":\"https:\/\/test.molarfresh.hu\/index.php\/minosegfentarthatosag\/\",\"name\":\"Min\u0151s\u00e9g \u00e9s Fenntarthat\u00f3s\u00e1g - Molarfresh\",\"isPartOf\":{\"@id\":\"https:\/\/test.molarfresh.hu\/#website\"},\"datePublished\":\"2024-10-26T18:39:08+00:00\",\"dateModified\":\"2024-11-03T21:18:28+00:00\",\"breadcrumb\":{\"@id\":\"https:\/\/test.molarfresh.hu\/index.php\/minosegfentarthatosag\/#breadcrumb\"},\"inLanguage\":\"hu\",\"potentialAction\":[{\"@type\":\"ReadAction\",\"target\":[\"https:\/\/test.molarfresh.hu\/index.php\/minosegfentarthatosag\/\"]}]},{\"@type\":\"BreadcrumbList\",\"@id\":\"https:\/\/test.molarfresh.hu\/index.php\/minosegfentarthatosag\/#breadcrumb\",\"itemListElement\":[{\"@type\":\"ListItem\",\"position\":1,\"name\":\"Kezd\u0151lap\",\"item\":\"https:\/\/test.molarfresh.hu\/\"},{\"@type\":\"ListItem\",\"position\":2,\"name\":\"Min\u0151s\u00e9g \u00e9s Fenntarthat\u00f3s\u00e1g\"}]},{\"@type\":\"WebSite\",\"@id\":\"https:\/\/test.molarfresh.hu\/#website\",\"url\":\"https:\/\/test.molarfresh.hu\/\",\"name\":\"Molarfresh\",\"description\":\"\",\"publisher\":{\"@id\":\"https:\/\/test.molarfresh.hu\/#organization\"},\"potentialAction\":[{\"@type\":\"SearchAction\",\"target\":{\"@type\":\"EntryPoint\",\"urlTemplate\":\"https:\/\/test.molarfresh.hu\/?s={search_term_string}\"},\"query-input\":{\"@type\":\"PropertyValueSpecification\",\"valueRequired\":true,\"valueName\":\"search_term_string\"}}],\"inLanguage\":\"hu\"},{\"@type\":\"Organization\",\"@id\":\"https:\/\/test.molarfresh.hu\/#organization\",\"name\":\"Molarfresh\",\"url\":\"https:\/\/test.molarfresh.hu\/\",\"logo\":{\"@type\":\"ImageObject\",\"inLanguage\":\"hu\",\"@id\":\"https:\/\/test.molarfresh.hu\/#\/schema\/logo\/image\/\",\"url\":\"https:\/\/test.molarfresh.hu\/wp-content\/uploads\/2024\/11\/freshlogo.jpg\",\"contentUrl\":\"https:\/\/test.molarfresh.hu\/wp-content\/uploads\/2024\/11\/freshlogo.jpg\",\"width\":1475,\"height\":320,\"caption\":\"Molarfresh\"},\"image\":{\"@id\":\"https:\/\/test.molarfresh.hu\/#\/schema\/logo\/image\/\"}}]}<\/script>\n<!-- \/ Yoast SEO plugin. -->","yoast_head_json":{"title":"Min\u0151s\u00e9g \u00e9s Fenntarthat\u00f3s\u00e1g - Molarfresh","robots":{"index":"index","follow":"follow","max-snippet":"max-snippet:-1","max-image-preview":"max-image-preview:large","max-video-preview":"max-video-preview:-1"},"canonical":"https:\/\/test.molarfresh.hu\/index.php\/minosegfentarthatosag\/","og_locale":"hu_HU","og_type":"article","og_title":"Min\u0151s\u00e9g \u00e9s Fenntarthat\u00f3s\u00e1g - Molarfresh","og_description":"Mott\u00f3: \u201eJ\u00f3t \u00e9s j\u00f3l!\u201d T\u00e1rsas\u00e1gunk m\u0171k\u00f6d\u00e9s\u00e9nek sarkalatos eleme, hogy kiv\u00e1l\u00f3 min\u0151s\u00e9g\u0171 term\u00e9keinkkel ki\u00e9rdemelj\u00fck partnereink bizalm\u00e1t \u00e9s megbecs\u00fcl\u00e9s\u00e9t. Ennek \u00e9rdek\u00e9ben, folyamatosan azon dolgozunk, hogy fejlessz\u00fck \u00e9s jav\u00edtsuk term\u00e9keinket \u00e9s a g\u00f6rd\u00fcl\u00e9keny egy\u00fcttm\u0171k\u00f6d\u00e9st \u00fczleti partereinkkel. A gy\u00e1rt\u00e1s \u00e9s forgalmaz\u00e1s sor\u00e1n mindv\u00e9gig betartjuk \u00e9s betartatjuk azokat a szigor\u00fa min\u0151s\u00e9gellen\u0151rz\u00e9si el\u0151\u00edr\u00e1sokat, amelyek biztos\u00edtj\u00e1k, hogy term\u00e9keink megfeleljenek a legmagasabb ig\u00e9nyeknek. [&hellip;]","og_url":"https:\/\/test.molarfresh.hu\/index.php\/minosegfentarthatosag\/","og_site_name":"Molarfresh","article_modified_time":"2024-11-03T21:18:28+00:00","twitter_card":"summary_large_image","twitter_misc":{"Becs\u00fclt olvas\u00e1si id\u0151":"2 perc"},"schema":{"@context":"https:\/\/schema.org","@graph":[{"@type":"WebPage","@id":"https:\/\/test.molarfresh.hu\/index.php\/minosegfentarthatosag\/","url":"https:\/\/test.molarfresh.hu\/index.php\/minosegfentarthatosag\/","name":"Min\u0151s\u00e9g \u00e9s Fenntarthat\u00f3s\u00e1g - Molarfresh","isPartOf":{"@id":"https:\/\/test.molarfresh.hu\/#website"},"datePublished":"2024-10-26T18:39:08+00:00","dateModified":"2024-11-03T21:18:28+00:00","breadcrumb":{"@id":"https:\/\/test.molarfresh.hu\/index.php\/minosegfentarthatosag\/#breadcrumb"},"inLanguage":"hu","potentialAction":[{"@type":"ReadAction","target":["https:\/\/test.molarfresh.hu\/index.php\/minosegfentarthatosag\/"]}]},{"@type":"BreadcrumbList","@id":"https:\/\/test.molarfresh.hu\/index.php\/minosegfentarthatosag\/#breadcrumb","itemListElement":[{"@type":"ListItem","position":1,"name":"Kezd\u0151lap","item":"https:\/\/test.molarfresh.hu\/"},{"@type":"ListItem","position":2,"name":"Min\u0151s\u00e9g \u00e9s Fenntarthat\u00f3s\u00e1g"}]},{"@type":"WebSite","@id":"https:\/\/test.molarfresh.hu\/#website","url":"https:\/\/test.molarfresh.hu\/","name":"Molarfresh","description":"","publisher":{"@id":"https:\/\/test.molarfresh.hu\/#organization"},"potentialAction":[{"@type":"SearchAction","target":{"@type":"EntryPoint","urlTemplate":"https:\/\/test.molarfresh.hu\/?s={search_term_string}"},"query-input":{"@type":"PropertyValueSpecification","valueRequired":true,"valueName":"search_term_string"}}],"inLanguage":"hu"},{"@type":"Organization","@id":"https:\/\/test.molarfresh.hu\/#organization","name":"Molarfresh","url":"https:\/\/test.molarfresh.hu\/","logo":{"@type":"ImageObject","inLanguage":"hu","@id":"https:\/\/test.molarfresh.hu\/#\/schema\/logo\/image\/","url":"https:\/\/test.molarfresh.hu\/wp-content\/uploads\/2024\/11\/freshlogo.jpg","contentUrl":"https:\/\/test.molarfresh.hu\/wp-content\/uploads\/2024\/11\/freshlogo.jpg","width":1475,"height":320,"caption":"Molarfresh"},"image":{"@id":"https:\/\/test.molarfresh.hu\/#\/schema\/logo\/image\/"}}]}},"_links":{"self":[{"href":"https:\/\/test.molarfresh.hu\/index.php\/wp-json\/wp\/v2\/pages\/8","targetHints":{"allow":["GET"]}}],"collection":[{"href":"https:\/\/test.molarfresh.hu\/index.php\/wp-json\/wp\/v2\/pages"}],"about":[{"href":"https:\/\/test.molarfresh.hu\/index.php\/wp-json\/wp\/v2\/types\/page"}],"author":[{"embeddable":true,"href":"https:\/\/test.molarfresh.hu\/index.php\/wp-json\/wp\/v2\/users\/1"}],"replies":[{"embeddable":true,"href":"https:\/\/test.molarfresh.hu\/index.php\/wp-json\/wp\/v2\/comments?post=8"}],"version-history":[{"count":11,"href":"https:\/\/test.molarfresh.hu\/index.php\/wp-json\/wp\/v2\/pages\/8\/revisions"}],"predecessor-version":[{"id":38,"href":"https:\/\/test.molarfresh.hu\/index.php\/wp-json\/wp\/v2\/pages\/8\/revisions\/38"}],"wp:attachment":[{"href":"https:\/\/test.molarfresh.hu\/index.php\/wp-json\/wp\/v2\/media?parent=8"}],"curies":[{"name":"wp","href":"https:\/\/api.w.org\/{rel}","templated":true}]}}