{"id":27,"date":"2024-11-03T21:06:24","date_gmt":"2024-11-03T21:06:24","guid":{"rendered":"https:\/\/test.molarfresh.hu\/?page_id=27"},"modified":"2024-11-03T21:07:30","modified_gmt":"2024-11-03T21:07:30","slug":"cegadatok","status":"publish","type":"page","link":"https:\/\/test.molarfresh.hu\/index.php\/cegadatok\/","title":{"rendered":"C\u00e9gadatok"},"content":{"rendered":"<p>Teljes n\u00e9v: Molar Fresh Korl\u00e1tolt Felel\u0151ss\u00e9g\u0171 T\u00e1rsas\u00e1g<br \/>\nR\u00f6vid n\u00e9v : Molar Fresh Kft.<br \/>\nSz\u00e9khely: Hal\u00e1sztelek, \u00c1rp\u00e1d utca 1.<br \/>\nNyilv\u00e1ntart\u00f3 c\u00e9gb\u00edr\u00f3s\u00e1g: Budapest K\u00f6rny\u00e9ki T\u00f6rv\u00e9nysz\u00e9k C\u00e9gb\u00edr\u00f3s\u00e1ga<br \/>\nAd\u00f3sz\u00e1m: 28842000-2-13<br \/>\nEU ad\u00f3sz\u00e1m: HU28842000<br \/>\nC\u00e9gjegyz\u00e9k sz\u00e1m: 13-09-208965<br \/>\nKSH sz\u00e1m: 28842000-2041-113-13<br \/>\nTE\u00c1OR f\u0151tev\u00e9kenys\u00e9g:<br \/>\nSz\u00e1ml\u00e1z\u00e1si c\u00edm: 2314, Hal\u00e1sztelek, \u00c1rp\u00e1d utca 1.<br \/>\nWeblap c\u00edm: www.molarfresh.hu<br \/>\nSz\u00e1mlavezet\u0151: MBH Bank Zrt.<br \/>\nBank c\u00edme: 1056, Budapest V\u00e1ci u. 38.<br \/>\nSWIFT (BIC):<br \/>\nBanksz\u00e1mla HUF:<\/p>\n<p>Banksz\u00e1mla EUR:<\/p>\n","protected":false},"excerpt":{"rendered":"<p>Teljes n\u00e9v: Molar Fresh Korl\u00e1tolt Felel\u0151ss\u00e9g\u0171 T\u00e1rsas\u00e1g R\u00f6vid n\u00e9v : Molar Fresh Kft. Sz\u00e9khely: Hal\u00e1sztelek, \u00c1rp\u00e1d utca 1. Nyilv\u00e1ntart\u00f3 c\u00e9gb\u00edr\u00f3s\u00e1g: Budapest K\u00f6rny\u00e9ki T\u00f6rv\u00e9nysz\u00e9k C\u00e9gb\u00edr\u00f3s\u00e1ga Ad\u00f3sz\u00e1m: 28842000-2-13 EU ad\u00f3sz\u00e1m: HU28842000 C\u00e9gjegyz\u00e9k sz\u00e1m: 13-09-208965 KSH sz\u00e1m: 28842000-2041-113-13 TE\u00c1OR f\u0151tev\u00e9kenys\u00e9g: Sz\u00e1ml\u00e1z\u00e1si c\u00edm: 2314, Hal\u00e1sztelek, \u00c1rp\u00e1d utca 1. Weblap c\u00edm: www.molarfresh.hu Sz\u00e1mlavezet\u0151: MBH Bank Zrt. Bank c\u00edme: 1056, Budapest [&hellip;]<\/p>\n","protected":false},"author":3,"featured_media":0,"parent":0,"menu_order":0,"comment_status":"closed","ping_status":"closed","template":"","meta":{"footnotes":""},"class_list":["post-27","page","type-page","status-publish","hentry"],"yoast_head":"<!-- This site is optimized with the Yoast SEO plugin v23.7 - https:\/\/yoast.com\/wordpress\/plugins\/seo\/ -->\n<title>C\u00e9gadatok - Molarfresh<\/title>\n<meta name=\"robots\" content=\"index, follow, max-snippet:-1, max-image-preview:large, max-video-preview:-1\" \/>\n<link rel=\"canonical\" href=\"https:\/\/test.molarfresh.hu\/index.php\/cegadatok\/\" \/>\n<meta property=\"og:locale\" content=\"hu_HU\" \/>\n<meta property=\"og:type\" content=\"article\" \/>\n<meta property=\"og:title\" content=\"C\u00e9gadatok - Molarfresh\" \/>\n<meta property=\"og:description\" content=\"Teljes n\u00e9v: Molar Fresh Korl\u00e1tolt Felel\u0151ss\u00e9g\u0171 T\u00e1rsas\u00e1g R\u00f6vid n\u00e9v : Molar Fresh Kft. Sz\u00e9khely: Hal\u00e1sztelek, \u00c1rp\u00e1d utca 1. Nyilv\u00e1ntart\u00f3 c\u00e9gb\u00edr\u00f3s\u00e1g: Budapest K\u00f6rny\u00e9ki T\u00f6rv\u00e9nysz\u00e9k C\u00e9gb\u00edr\u00f3s\u00e1ga Ad\u00f3sz\u00e1m: 28842000-2-13 EU ad\u00f3sz\u00e1m: HU28842000 C\u00e9gjegyz\u00e9k sz\u00e1m: 13-09-208965 KSH sz\u00e1m: 28842000-2041-113-13 TE\u00c1OR f\u0151tev\u00e9kenys\u00e9g: Sz\u00e1ml\u00e1z\u00e1si c\u00edm: 2314, Hal\u00e1sztelek, \u00c1rp\u00e1d utca 1. Weblap c\u00edm: www.molarfresh.hu Sz\u00e1mlavezet\u0151: MBH Bank Zrt. Bank c\u00edme: 1056, Budapest [&hellip;]\" \/>\n<meta property=\"og:url\" content=\"https:\/\/test.molarfresh.hu\/index.php\/cegadatok\/\" \/>\n<meta property=\"og:site_name\" content=\"Molarfresh\" \/>\n<meta property=\"article:modified_time\" content=\"2024-11-03T21:07:30+00:00\" \/>\n<meta name=\"twitter:card\" content=\"summary_large_image\" \/>\n<meta name=\"twitter:label1\" content=\"Becs\u00fclt olvas\u00e1si id\u0151\" \/>\n\t<meta name=\"twitter:data1\" content=\"1 perc\" \/>\n<script type=\"application\/ld+json\" class=\"yoast-schema-graph\">{\"@context\":\"https:\/\/schema.org\",\"@graph\":[{\"@type\":\"WebPage\",\"@id\":\"https:\/\/test.molarfresh.hu\/index.php\/cegadatok\/\",\"url\":\"https:\/\/test.molarfresh.hu\/index.php\/cegadatok\/\",\"name\":\"C\u00e9gadatok - Molarfresh\",\"isPartOf\":{\"@id\":\"https:\/\/test.molarfresh.hu\/#website\"},\"datePublished\":\"2024-11-03T21:06:24+00:00\",\"dateModified\":\"2024-11-03T21:07:30+00:00\",\"breadcrumb\":{\"@id\":\"https:\/\/test.molarfresh.hu\/index.php\/cegadatok\/#breadcrumb\"},\"inLanguage\":\"hu\",\"potentialAction\":[{\"@type\":\"ReadAction\",\"target\":[\"https:\/\/test.molarfresh.hu\/index.php\/cegadatok\/\"]}]},{\"@type\":\"BreadcrumbList\",\"@id\":\"https:\/\/test.molarfresh.hu\/index.php\/cegadatok\/#breadcrumb\",\"itemListElement\":[{\"@type\":\"ListItem\",\"position\":1,\"name\":\"Kezd\u0151lap\",\"item\":\"https:\/\/test.molarfresh.hu\/\"},{\"@type\":\"ListItem\",\"position\":2,\"name\":\"C\u00e9gadatok\"}]},{\"@type\":\"WebSite\",\"@id\":\"https:\/\/test.molarfresh.hu\/#website\",\"url\":\"https:\/\/test.molarfresh.hu\/\",\"name\":\"Molarfresh\",\"description\":\"\",\"publisher\":{\"@id\":\"https:\/\/test.molarfresh.hu\/#organization\"},\"potentialAction\":[{\"@type\":\"SearchAction\",\"target\":{\"@type\":\"EntryPoint\",\"urlTemplate\":\"https:\/\/test.molarfresh.hu\/?s={search_term_string}\"},\"query-input\":{\"@type\":\"PropertyValueSpecification\",\"valueRequired\":true,\"valueName\":\"search_term_string\"}}],\"inLanguage\":\"hu\"},{\"@type\":\"Organization\",\"@id\":\"https:\/\/test.molarfresh.hu\/#organization\",\"name\":\"Molarfresh\",\"url\":\"https:\/\/test.molarfresh.hu\/\",\"logo\":{\"@type\":\"ImageObject\",\"inLanguage\":\"hu\",\"@id\":\"https:\/\/test.molarfresh.hu\/#\/schema\/logo\/image\/\",\"url\":\"https:\/\/test.molarfresh.hu\/wp-content\/uploads\/2024\/11\/freshlogo.jpg\",\"contentUrl\":\"https:\/\/test.molarfresh.hu\/wp-content\/uploads\/2024\/11\/freshlogo.jpg\",\"width\":1475,\"height\":320,\"caption\":\"Molarfresh\"},\"image\":{\"@id\":\"https:\/\/test.molarfresh.hu\/#\/schema\/logo\/image\/\"}}]}<\/script>\n<!-- \/ Yoast SEO plugin. -->","yoast_head_json":{"title":"C\u00e9gadatok - Molarfresh","robots":{"index":"index","follow":"follow","max-snippet":"max-snippet:-1","max-image-preview":"max-image-preview:large","max-video-preview":"max-video-preview:-1"},"canonical":"https:\/\/test.molarfresh.hu\/index.php\/cegadatok\/","og_locale":"hu_HU","og_type":"article","og_title":"C\u00e9gadatok - Molarfresh","og_description":"Teljes n\u00e9v: Molar Fresh Korl\u00e1tolt Felel\u0151ss\u00e9g\u0171 T\u00e1rsas\u00e1g R\u00f6vid n\u00e9v : Molar Fresh Kft. Sz\u00e9khely: Hal\u00e1sztelek, \u00c1rp\u00e1d utca 1. Nyilv\u00e1ntart\u00f3 c\u00e9gb\u00edr\u00f3s\u00e1g: Budapest K\u00f6rny\u00e9ki T\u00f6rv\u00e9nysz\u00e9k C\u00e9gb\u00edr\u00f3s\u00e1ga Ad\u00f3sz\u00e1m: 28842000-2-13 EU ad\u00f3sz\u00e1m: HU28842000 C\u00e9gjegyz\u00e9k sz\u00e1m: 13-09-208965 KSH sz\u00e1m: 28842000-2041-113-13 TE\u00c1OR f\u0151tev\u00e9kenys\u00e9g: Sz\u00e1ml\u00e1z\u00e1si c\u00edm: 2314, Hal\u00e1sztelek, \u00c1rp\u00e1d utca 1. Weblap c\u00edm: www.molarfresh.hu Sz\u00e1mlavezet\u0151: MBH Bank Zrt. Bank c\u00edme: 1056, Budapest [&hellip;]","og_url":"https:\/\/test.molarfresh.hu\/index.php\/cegadatok\/","og_site_name":"Molarfresh","article_modified_time":"2024-11-03T21:07:30+00:00","twitter_card":"summary_large_image","twitter_misc":{"Becs\u00fclt olvas\u00e1si id\u0151":"1 perc"},"schema":{"@context":"https:\/\/schema.org","@graph":[{"@type":"WebPage","@id":"https:\/\/test.molarfresh.hu\/index.php\/cegadatok\/","url":"https:\/\/test.molarfresh.hu\/index.php\/cegadatok\/","name":"C\u00e9gadatok - Molarfresh","isPartOf":{"@id":"https:\/\/test.molarfresh.hu\/#website"},"datePublished":"2024-11-03T21:06:24+00:00","dateModified":"2024-11-03T21:07:30+00:00","breadcrumb":{"@id":"https:\/\/test.molarfresh.hu\/index.php\/cegadatok\/#breadcrumb"},"inLanguage":"hu","potentialAction":[{"@type":"ReadAction","target":["https:\/\/test.molarfresh.hu\/index.php\/cegadatok\/"]}]},{"@type":"BreadcrumbList","@id":"https:\/\/test.molarfresh.hu\/index.php\/cegadatok\/#breadcrumb","itemListElement":[{"@type":"ListItem","position":1,"name":"Kezd\u0151lap","item":"https:\/\/test.molarfresh.hu\/"},{"@type":"ListItem","position":2,"name":"C\u00e9gadatok"}]},{"@type":"WebSite","@id":"https:\/\/test.molarfresh.hu\/#website","url":"https:\/\/test.molarfresh.hu\/","name":"Molarfresh","description":"","publisher":{"@id":"https:\/\/test.molarfresh.hu\/#organization"},"potentialAction":[{"@type":"SearchAction","target":{"@type":"EntryPoint","urlTemplate":"https:\/\/test.molarfresh.hu\/?s={search_term_string}"},"query-input":{"@type":"PropertyValueSpecification","valueRequired":true,"valueName":"search_term_string"}}],"inLanguage":"hu"},{"@type":"Organization","@id":"https:\/\/test.molarfresh.hu\/#organization","name":"Molarfresh","url":"https:\/\/test.molarfresh.hu\/","logo":{"@type":"ImageObject","inLanguage":"hu","@id":"https:\/\/test.molarfresh.hu\/#\/schema\/logo\/image\/","url":"https:\/\/test.molarfresh.hu\/wp-content\/uploads\/2024\/11\/freshlogo.jpg","contentUrl":"https:\/\/test.molarfresh.hu\/wp-content\/uploads\/2024\/11\/freshlogo.jpg","width":1475,"height":320,"caption":"Molarfresh"},"image":{"@id":"https:\/\/test.molarfresh.hu\/#\/schema\/logo\/image\/"}}]}},"_links":{"self":[{"href":"https:\/\/test.molarfresh.hu\/index.php\/wp-json\/wp\/v2\/pages\/27","targetHints":{"allow":["GET"]}}],"collection":[{"href":"https:\/\/test.molarfresh.hu\/index.php\/wp-json\/wp\/v2\/pages"}],"about":[{"href":"https:\/\/test.molarfresh.hu\/index.php\/wp-json\/wp\/v2\/types\/page"}],"author":[{"embeddable":true,"href":"https:\/\/test.molarfresh.hu\/index.php\/wp-json\/wp\/v2\/users\/3"}],"replies":[{"embeddable":true,"href":"https:\/\/test.molarfresh.hu\/index.php\/wp-json\/wp\/v2\/comments?post=27"}],"version-history":[{"count":2,"href":"https:\/\/test.molarfresh.hu\/index.php\/wp-json\/wp\/v2\/pages\/27\/revisions"}],"predecessor-version":[{"id":34,"href":"https:\/\/test.molarfresh.hu\/index.php\/wp-json\/wp\/v2\/pages\/27\/revisions\/34"}],"wp:attachment":[{"href":"https:\/\/test.molarfresh.hu\/index.php\/wp-json\/wp\/v2\/media?parent=27"}],"curies":[{"name":"wp","href":"https:\/\/api.w.org\/{rel}","templated":true}]}}