{"id":10,"date":"2024-10-26T18:39:08","date_gmt":"2024-10-26T18:39:08","guid":{"rendered":"https:\/\/test.molarfresh.hu\/index.php\/fiokom\/"},"modified":"2024-11-03T20:52:14","modified_gmt":"2024-11-03T20:52:14","slug":"rolunk","status":"publish","type":"page","link":"https:\/\/test.molarfresh.hu\/index.php\/rolunk\/","title":{"rendered":"R\u00f3lunk"},"content":{"rendered":"<p>A 2020-ban alap\u00edtott Molar Fresh kft. sz\u00e1raz \u00e9s nedves t\u00f6rl\u0151kend\u0151k forgalmaz\u00e1s\u00e1val foglalkozik. T\u00e1rsas\u00e1gunk a Molar Chemicals Kft. (www.molar.hu) le\u00e1nyv\u00e1llalata, \u00edgy rendelkezik azzal a szakmai, p\u00e9nz\u00fcgyi \u00e9s min\u0151s\u00e9gbiztos\u00edt\u00e1si h\u00e1tt\u00e9rrel, amely ahhoz sz\u00fcks\u00e9ges, hogy partnereinket magas sz\u00ednvonalon szolg\u00e1ljuk ki. Term\u00e9keink illeszkednek a Molar Chemicals k\u00edn\u00e1lat\u00e1hoz azonban \u00f6n\u00e1ll\u00f3an, az anyac\u00e9gt\u0151l f\u00fcggetlen\u00fcl is k\u00e9pesek vagyunk teljes\u00edteni a felmer\u00fcl\u0151 ig\u00e9nyeket, megrendel\u00e9seket. Az alap\u00edt\u00e1s sor\u00e1n els\u0151dleges c\u00e9lunk az volt, hogy a term\u00e9kek jelleg\u00e9b\u0151l ad\u00f3d\u00f3an \u00f6n\u00e1ll\u00f3 t\u00e1rsas\u00e1gk\u00e9nt, ugyanakkor a Molar Chemicals biztos h\u00e1tter\u00e9vel jelenj\u00fcnk meg a piacon.<\/p>\n<p>Fontos kiemelni, hogy a kiv\u00e1l\u00f3 min\u0151s\u00e9g\u0171 term\u00e9keket rendk\u00edv\u00fcl j\u00f3 kond\u00edci\u00f3kkal, gazdas\u00e1gos \u00e1ron tudjuk sz\u00e1ll\u00edtani. A kedvez\u0151 felt\u00e9telek megteremt\u00e9s\u00e9ben kulcsszerepe van strat\u00e9giai partner\u00fcnknek, a Weifang v\u00e1llalatnak, amely egy k\u00ednai c\u00e9gcsoport szerves r\u00e9sze \u00e9s a vil\u00e1g<br \/>egyik legnagyobb t\u00f6rl\u0151kend\u0151 gy\u00e1rt\u00f3ja. Ennek k\u00f6sz\u00f6nhet\u0151en, kimagasl\u00f3 szakismeret \u00e9s sz\u00e9lesk\u00f6r\u0171 kapacit\u00e1sok jellemzik a c\u00e9get. Modern gy\u00e1rt\u00f3i h\u00e1tt\u00e9r, stabil p\u00e9nz\u00fcgyi keretek, kedvez\u0151 \u00e1rak \u00e9s a magasfok\u00fa szaktud\u00e1s egy\u00fcttesen garant\u00e1lj\u00e1k, hogy gyorsan \u00e9s rugalmasan reag\u00e1ljunk vev\u0151ink ig\u00e9nyeire. C\u00e9lunk, hogy a magyarorsz\u00e1gi t\u00f6rl\u0151kend\u0151 piacon meghat\u00e1roz\u00f3 szerepl\u0151v\u00e9 v\u00e1ljunk \u00e9s a k\u00e9s\u0151bbiekben az eur\u00f3pai r\u00e9gi\u00f3ban is elismert t\u00e1rsas\u00e1gg\u00e1 v\u00e1ljon a Molar Fresh.<\/p>","protected":false},"excerpt":{"rendered":"","protected":false},"author":1,"featured_media":0,"parent":0,"menu_order":1,"comment_status":"closed","ping_status":"closed","template":"","meta":{"footnotes":""},"class_list":["post-10","page","type-page","status-publish","hentry"],"yoast_head":"<!-- This site is optimized with the Yoast SEO plugin v23.7 - https:\/\/yoast.com\/wordpress\/plugins\/seo\/ -->\n<title>R\u00f3lunk - Molarfresh<\/title>\n<meta name=\"robots\" content=\"index, follow, max-snippet:-1, max-image-preview:large, max-video-preview:-1\" \/>\n<link rel=\"canonical\" href=\"https:\/\/test.molarfresh.hu\/index.php\/rolunk\/\" \/>\n<meta property=\"og:locale\" content=\"hu_HU\" \/>\n<meta property=\"og:type\" content=\"article\" \/>\n<meta property=\"og:title\" content=\"R\u00f3lunk - Molarfresh\" \/>\n<meta property=\"og:url\" content=\"https:\/\/test.molarfresh.hu\/index.php\/rolunk\/\" \/>\n<meta property=\"og:site_name\" content=\"Molarfresh\" \/>\n<meta property=\"article:modified_time\" content=\"2024-11-03T20:52:14+00:00\" \/>\n<meta name=\"twitter:card\" content=\"summary_large_image\" \/>\n<meta name=\"twitter:label1\" content=\"Becs\u00fclt olvas\u00e1si id\u0151\" \/>\n\t<meta name=\"twitter:data1\" content=\"1 perc\" \/>\n<script type=\"application\/ld+json\" class=\"yoast-schema-graph\">{\"@context\":\"https:\/\/schema.org\",\"@graph\":[{\"@type\":\"WebPage\",\"@id\":\"https:\/\/test.molarfresh.hu\/index.php\/rolunk\/\",\"url\":\"https:\/\/test.molarfresh.hu\/index.php\/rolunk\/\",\"name\":\"R\u00f3lunk - Molarfresh\",\"isPartOf\":{\"@id\":\"https:\/\/test.molarfresh.hu\/#website\"},\"datePublished\":\"2024-10-26T18:39:08+00:00\",\"dateModified\":\"2024-11-03T20:52:14+00:00\",\"breadcrumb\":{\"@id\":\"https:\/\/test.molarfresh.hu\/index.php\/rolunk\/#breadcrumb\"},\"inLanguage\":\"hu\",\"potentialAction\":[{\"@type\":\"ReadAction\",\"target\":[\"https:\/\/test.molarfresh.hu\/index.php\/rolunk\/\"]}]},{\"@type\":\"BreadcrumbList\",\"@id\":\"https:\/\/test.molarfresh.hu\/index.php\/rolunk\/#breadcrumb\",\"itemListElement\":[{\"@type\":\"ListItem\",\"position\":1,\"name\":\"Kezd\u0151lap\",\"item\":\"https:\/\/test.molarfresh.hu\/\"},{\"@type\":\"ListItem\",\"position\":2,\"name\":\"R\u00f3lunk\"}]},{\"@type\":\"WebSite\",\"@id\":\"https:\/\/test.molarfresh.hu\/#website\",\"url\":\"https:\/\/test.molarfresh.hu\/\",\"name\":\"Molarfresh\",\"description\":\"\",\"publisher\":{\"@id\":\"https:\/\/test.molarfresh.hu\/#organization\"},\"potentialAction\":[{\"@type\":\"SearchAction\",\"target\":{\"@type\":\"EntryPoint\",\"urlTemplate\":\"https:\/\/test.molarfresh.hu\/?s={search_term_string}\"},\"query-input\":{\"@type\":\"PropertyValueSpecification\",\"valueRequired\":true,\"valueName\":\"search_term_string\"}}],\"inLanguage\":\"hu\"},{\"@type\":\"Organization\",\"@id\":\"https:\/\/test.molarfresh.hu\/#organization\",\"name\":\"Molarfresh\",\"url\":\"https:\/\/test.molarfresh.hu\/\",\"logo\":{\"@type\":\"ImageObject\",\"inLanguage\":\"hu\",\"@id\":\"https:\/\/test.molarfresh.hu\/#\/schema\/logo\/image\/\",\"url\":\"https:\/\/test.molarfresh.hu\/wp-content\/uploads\/2024\/11\/freshlogo.jpg\",\"contentUrl\":\"https:\/\/test.molarfresh.hu\/wp-content\/uploads\/2024\/11\/freshlogo.jpg\",\"width\":1475,\"height\":320,\"caption\":\"Molarfresh\"},\"image\":{\"@id\":\"https:\/\/test.molarfresh.hu\/#\/schema\/logo\/image\/\"}}]}<\/script>\n<!-- \/ Yoast SEO plugin. -->","yoast_head_json":{"title":"R\u00f3lunk - Molarfresh","robots":{"index":"index","follow":"follow","max-snippet":"max-snippet:-1","max-image-preview":"max-image-preview:large","max-video-preview":"max-video-preview:-1"},"canonical":"https:\/\/test.molarfresh.hu\/index.php\/rolunk\/","og_locale":"hu_HU","og_type":"article","og_title":"R\u00f3lunk - Molarfresh","og_url":"https:\/\/test.molarfresh.hu\/index.php\/rolunk\/","og_site_name":"Molarfresh","article_modified_time":"2024-11-03T20:52:14+00:00","twitter_card":"summary_large_image","twitter_misc":{"Becs\u00fclt olvas\u00e1si id\u0151":"1 perc"},"schema":{"@context":"https:\/\/schema.org","@graph":[{"@type":"WebPage","@id":"https:\/\/test.molarfresh.hu\/index.php\/rolunk\/","url":"https:\/\/test.molarfresh.hu\/index.php\/rolunk\/","name":"R\u00f3lunk - Molarfresh","isPartOf":{"@id":"https:\/\/test.molarfresh.hu\/#website"},"datePublished":"2024-10-26T18:39:08+00:00","dateModified":"2024-11-03T20:52:14+00:00","breadcrumb":{"@id":"https:\/\/test.molarfresh.hu\/index.php\/rolunk\/#breadcrumb"},"inLanguage":"hu","potentialAction":[{"@type":"ReadAction","target":["https:\/\/test.molarfresh.hu\/index.php\/rolunk\/"]}]},{"@type":"BreadcrumbList","@id":"https:\/\/test.molarfresh.hu\/index.php\/rolunk\/#breadcrumb","itemListElement":[{"@type":"ListItem","position":1,"name":"Kezd\u0151lap","item":"https:\/\/test.molarfresh.hu\/"},{"@type":"ListItem","position":2,"name":"R\u00f3lunk"}]},{"@type":"WebSite","@id":"https:\/\/test.molarfresh.hu\/#website","url":"https:\/\/test.molarfresh.hu\/","name":"Molarfresh","description":"","publisher":{"@id":"https:\/\/test.molarfresh.hu\/#organization"},"potentialAction":[{"@type":"SearchAction","target":{"@type":"EntryPoint","urlTemplate":"https:\/\/test.molarfresh.hu\/?s={search_term_string}"},"query-input":{"@type":"PropertyValueSpecification","valueRequired":true,"valueName":"search_term_string"}}],"inLanguage":"hu"},{"@type":"Organization","@id":"https:\/\/test.molarfresh.hu\/#organization","name":"Molarfresh","url":"https:\/\/test.molarfresh.hu\/","logo":{"@type":"ImageObject","inLanguage":"hu","@id":"https:\/\/test.molarfresh.hu\/#\/schema\/logo\/image\/","url":"https:\/\/test.molarfresh.hu\/wp-content\/uploads\/2024\/11\/freshlogo.jpg","contentUrl":"https:\/\/test.molarfresh.hu\/wp-content\/uploads\/2024\/11\/freshlogo.jpg","width":1475,"height":320,"caption":"Molarfresh"},"image":{"@id":"https:\/\/test.molarfresh.hu\/#\/schema\/logo\/image\/"}}]}},"_links":{"self":[{"href":"https:\/\/test.molarfresh.hu\/index.php\/wp-json\/wp\/v2\/pages\/10","targetHints":{"allow":["GET"]}}],"collection":[{"href":"https:\/\/test.molarfresh.hu\/index.php\/wp-json\/wp\/v2\/pages"}],"about":[{"href":"https:\/\/test.molarfresh.hu\/index.php\/wp-json\/wp\/v2\/types\/page"}],"author":[{"embeddable":true,"href":"https:\/\/test.molarfresh.hu\/index.php\/wp-json\/wp\/v2\/users\/1"}],"replies":[{"embeddable":true,"href":"https:\/\/test.molarfresh.hu\/index.php\/wp-json\/wp\/v2\/comments?post=10"}],"version-history":[{"count":1,"href":"https:\/\/test.molarfresh.hu\/index.php\/wp-json\/wp\/v2\/pages\/10\/revisions"}],"predecessor-version":[{"id":21,"href":"https:\/\/test.molarfresh.hu\/index.php\/wp-json\/wp\/v2\/pages\/10\/revisions\/21"}],"wp:attachment":[{"href":"https:\/\/test.molarfresh.hu\/index.php\/wp-json\/wp\/v2\/media?parent=10"}],"curies":[{"name":"wp","href":"https:\/\/api.w.org\/{rel}","templated":true}]}}